{"id":1318,"date":"2022-06-17T11:05:14","date_gmt":"2022-06-17T09:05:14","guid":{"rendered":"https:\/\/www.wo-der-hahn-kraeht.de\/wp2022\/hotel\/"},"modified":"2022-12-13T12:59:56","modified_gmt":"2022-12-13T11:59:56","slug":"hotel-rooms","status":"publish","type":"page","link":"https:\/\/www.wo-der-hahn-kraeht.de\/en\/hotel-rooms\/","title":{"rendered":"Hotel"},"content":{"rendered":"\n\t\t<section id=\"intro-slider\" class=\"slider animation fade-in-bottom\">\n\n\t\t\t<div class=\"owl-carousel\">\n\n\t\t\t\t\n\t\t\t\t\t<div class=\"slider__item bg-img \" data-img-desktop=\"https:\/\/www.wo-der-hahn-kraeht.de\/wp-content\/uploads\/images\/wdhk_zimmerneu22-e1595494311251-1920x905-2.jpeg\" data-img-mobile=\"https:\/\/www.wo-der-hahn-kraeht.de\/wp-content\/uploads\/images\/mobilewdhk_zimmerneu22-e1595494311251-1920x905-2.jpg\">\n\t\t\t\t\t\t<div class=\"container\">\n\t\t\t\t\t\t\t<div class=\"slider-content\">\n\t\t\t\t\t\t\t\n\t\t\t\t\t\t\t\t<h1>Erholung und Entspannung inmitten der Weinberge<\/h1>\n\n\t\t\t\t\t\t\t<\/div><!-- \/.slider-content -->\n\t\t\t\t\t\t<\/div>\n\t\t\t\t\t\t<!-- \/.container -->\n\n\t\t\t\t\t\t\n\t\t\t\t\t<\/div>\n\t\t\t\t\t<!-- \/.slider__item bg-img -->\n\n\t\t\t\t\n\t\t\t\t\t<div class=\"slider__item bg-img \" data-img-desktop=\"https:\/\/www.wo-der-hahn-kraeht.de\/wp-content\/uploads\/images\/2020-Zimmer1_klein_FA_Schmal-1.jpeg\" data-img-mobile=\"https:\/\/www.wo-der-hahn-kraeht.de\/wp-content\/uploads\/images\/2020-Zimmer1_klein_FA_Schmal-1.jpeg\">\n\t\t\t\t\t\t<div class=\"container\">\n\t\t\t\t\t\t\t<div class=\"slider-content\">\n\t\t\t\t\t\t\t\n\t\t\t\t\t\t\t\t\n\t\t\t\t\t\t\t<\/div><!-- \/.slider-content -->\n\t\t\t\t\t\t<\/div>\n\t\t\t\t\t\t<!-- \/.container -->\n\n\t\t\t\t\t\t\n\t\t\t\t\t<\/div>\n\t\t\t\t\t<!-- \/.slider__item bg-img -->\n\n\t\t\t\t\n\t\t\t\t\t<div class=\"slider__item bg-img \" data-img-desktop=\"https:\/\/www.wo-der-hahn-kraeht.de\/wp-content\/uploads\/images\/Suite-3_2020-scaled-e1670595086823-1.jpg\" data-img-mobile=\"https:\/\/www.wo-der-hahn-kraeht.de\/wp-content\/uploads\/images\/wdhk_zimmerneu-540x480-1.jpeg\">\n\t\t\t\t\t\t<div class=\"container\">\n\t\t\t\t\t\t\t<div class=\"slider-content\">\n\t\t\t\t\t\t\t\n\t\t\t\t\t\t\t\t\n\t\t\t\t\t\t\t<\/div><!-- \/.slider-content -->\n\t\t\t\t\t\t<\/div>\n\t\t\t\t\t\t<!-- \/.container -->\n\n\t\t\t\t\t\t\n\t\t\t\t\t<\/div>\n\t\t\t\t\t<!-- \/.slider__item bg-img -->\n\n\t\t\t\t\n\t\t\t<\/div>\n\t\t\t<!-- .owl-carousel -->\n\n\t\t\t\t<style>\n\t\tsection#intro-slider {\n\t\t\t\t\t}\n\t\t\/* TABLET *\/\n\t\t@media only screen and (max-width: 768px) {\n\t\t\tsection#intro-slider {\n\t\t\t\t\t\t\t}\n\t\t}\n\t\t\/* MOBILE *\/\n\t\t@media only screen and (max-width: 600px) {\n\t\t\tsection#intro-slider {\n\t\t\t\t\t\t\t}\n\t\t}\n\t<\/style>\n\n\t\t<\/section>\n\t\t<!--  .slider -->\n\n\t\n\n\n\t<section id=\"intro-content-block_051938b517ce2bc94500d7a8c6f94f65\" class=\"intro-content animation fade-in-bottom\">\n\t\t<div class=\"container container--narrow\">\n\t\t\t<div class=\"flex-row\">\n\t\t\t\t<div class=\"col-12\">\n\n\t\t\t\t\t<p>In unserem gastlichen Hotel erwarten Sie Junior-Suiten sowie sch\u00f6ne und gem\u00fctliche Komfort- sowie Standard-Zimmer. In Ein-, Doppel- oder Dreibettzimmern, mit einem reichhaltigen schw\u00e4bischen Fr\u00fchst\u00fccksbuffet und bester Zufahrt und Parkm\u00f6glichkeiten, k\u00f6nnen Sie Ihren Aufenthalt im idyllischen Deinenbachtal genie\u00dfen.<\/p>\t\t\t\t\t\n\t\t\t\t<\/div>\n\t\t\t\t<!-- \/.col-12 -->\n\t\t\t<\/div>\n\t\t\t<!-- \/.flex-row -->\n\t\t<\/div>\n\t\t<!-- \/.container.container--narrow -->\n\n\t\t\t<style>\n\t\tsection#intro-content-block_051938b517ce2bc94500d7a8c6f94f65 {\n\t\t\t\t\t}\n\t\t\/* TABLET *\/\n\t\t@media only screen and (max-width: 768px) {\n\t\t\tsection#intro-content-block_051938b517ce2bc94500d7a8c6f94f65 {\n\t\t\t\t\t\t\t}\n\t\t}\n\t\t\/* MOBILE *\/\n\t\t@media only screen and (max-width: 600px) {\n\t\t\tsection#intro-content-block_051938b517ce2bc94500d7a8c6f94f65 {\n\t\t\t\t\t\t\t}\n\t\t}\n\t<\/style>\n\n\t<\/section>\n\t<!--  .intro-content -->\n\n\n\n\n\t<section id=\"zimmer\" class=\"slider-text\">\n\t\t<div class=\"container\">\n\t\t\t<div class=\"flex-row animation fade-in-bottom\">\n\n\t\t\t\t\n\t\t\t\t<div class=\"col-6@sm \">\n\n\t\t\t\t\t\n\t\t\t\t\t\t\t\t<div class=\"owl-carousel is-not-natural-size\">\n\n\t\t\t\t\t\t\t\t\t\n\t\t\t\t\t\t\t\t\t\t\t<div class=\"slider-text-image bg-img\" style=\"background-image: url(https:\/\/www.wo-der-hahn-kraeht.de\/wp-content\/uploads\/images\/wdhk_zimmerneu-540x480-1.jpeg);\"><\/div><!-- \/.slider-text-image bg-img -->\n\n\t\t\t\t\t\t\t\t\t\t\n\t\t\t\t\t\t\t\t\t\t\t<div class=\"slider-text-image bg-img\" style=\"background-image: url(https:\/\/www.wo-der-hahn-kraeht.de\/wp-content\/uploads\/images\/2020-06-26_09-28-24_Wo-der-Hahn-kraeht_Hotelzimmer-e1595515482479-540x480-1.jpeg);\"><\/div><!-- \/.slider-text-image bg-img -->\n\n\t\t\t\t\t\t\t\t\t\t\n\t\t\t\t\t\t\t\t<\/div><!-- \/.owl-carousel -->\n\n\t\t\t\t\t\t\t\n\n\t\t\t\t<\/div>\n\t\t\t\t<!-- \/.col-6@sm -->\n\t\t\t\t<div class=\"col-6@sm\">\n\t\t\t\t\t<div class=\"slider-text-text\">\n\n\t\t\t\t\t\t<img decoding=\"async\" src=\"https:\/\/www.wo-der-hahn-kraeht.de\/wp-content\/uploads\/images\/icon-bad.svg\" alt=\"\"><h2>Zimmer<\/h2><p>In unserem gastlichen Hotel erwarten Sie Junior-Suiten sowie sch\u00f6ne und gem\u00fctliche Komfort- sowie Standard-Zimmer. In Ein-, Doppel- oder Dreibettzimmern, mit einem reichhaltigen schw\u00e4bischen Fr\u00fchst\u00fccksbuffet und bester Zufahrt und Parkm\u00f6glichkeiten, k\u00f6nnen Sie Ihren Aufenthalt im idyllischen Deinenbachtal genie\u00dfen.<\/p>\n\n\t\t\t\t\t<\/div>\n\t\t\t\t\t<!-- \/.slider-text-text -->\n\t\t\t\t<\/div>\n\t\t\t\t<!-- \/.col-6@sm -->\n\t\t\t<\/div>\n\t\t\t<!-- \/.flex-row -->\n\t\t<\/div>\n\t\t<!--  .container -->\n\n\t\t\t<style>\n\t\tsection#zimmer {\n\t\t\t\t\t}\n\t\t\/* TABLET *\/\n\t\t@media only screen and (max-width: 768px) {\n\t\t\tsection#zimmer {\n\t\t\t\t\t\t\t}\n\t\t}\n\t\t\/* MOBILE *\/\n\t\t@media only screen and (max-width: 600px) {\n\t\t\tsection#zimmer {\n\t\t\t\t\t\t\t}\n\t\t}\n\t<\/style>\n\n\t<\/section>\n\t<!--  .slider-text -->\n\n\n\n\n\t<section id=\"appartments\" class=\"slider-text\">\n\t\t<div class=\"container\">\n\t\t\t<div class=\"flex-row flex-row--reverse animation fade-in-bottom\">\n\n\t\t\t\t\n\t\t\t\t<div class=\"col-6@sm \">\n\n\t\t\t\t\t\n\t\t\t\t\t\t\t\t<div class=\"owl-carousel is-not-natural-size\">\n\n\t\t\t\t\t\t\t\t\t\n\t\t\t\t\t\t\t\t\t\t\t<div class=\"slider-text-image bg-img\" style=\"background-image: url(https:\/\/www.wo-der-hahn-kraeht.de\/wp-content\/uploads\/images\/App-IlsfelderStr30-3-von-8-540x480-1.jpeg);\"><\/div><!-- \/.slider-text-image bg-img -->\n\n\t\t\t\t\t\t\t\t\t\t\n\t\t\t\t\t\t\t\t\t\t\t<div class=\"slider-text-image bg-img\" style=\"background-image: url(https:\/\/www.wo-der-hahn-kraeht.de\/wp-content\/uploads\/images\/App-IlsfelderStr30-5-von-8-540x480-1.jpeg);\"><\/div><!-- \/.slider-text-image bg-img -->\n\n\t\t\t\t\t\t\t\t\t\t\n\t\t\t\t\t\t\t\t\t\t\t<div class=\"slider-text-image bg-img\" style=\"background-image: url(https:\/\/www.wo-der-hahn-kraeht.de\/wp-content\/uploads\/images\/P1030504-540x480-1.jpeg);\"><\/div><!-- \/.slider-text-image bg-img -->\n\n\t\t\t\t\t\t\t\t\t\t\n\t\t\t\t\t\t\t\t\t\t\t<div class=\"slider-text-image bg-img\" style=\"background-image: url(https:\/\/www.wo-der-hahn-kraeht.de\/wp-content\/uploads\/images\/P1030500-540x480-1.jpeg);\"><\/div><!-- \/.slider-text-image bg-img -->\n\n\t\t\t\t\t\t\t\t\t\t\n\t\t\t\t\t\t\t\t\t\t\t<div class=\"slider-text-image bg-img\" style=\"background-image: url(https:\/\/www.wo-der-hahn-kraeht.de\/wp-content\/uploads\/images\/P1030506-540x480-1.jpeg);\"><\/div><!-- \/.slider-text-image bg-img -->\n\n\t\t\t\t\t\t\t\t\t\t\n\t\t\t\t\t\t\t\t\t\t\t<div class=\"slider-text-image bg-img\" style=\"background-image: url(https:\/\/www.wo-der-hahn-kraeht.de\/wp-content\/uploads\/images\/P1030497-540x480-1.jpeg);\"><\/div><!-- \/.slider-text-image bg-img -->\n\n\t\t\t\t\t\t\t\t\t\t\n\t\t\t\t\t\t\t\t<\/div><!-- \/.owl-carousel -->\n\n\t\t\t\t\t\t\t\n\n\t\t\t\t<\/div>\n\t\t\t\t<!-- \/.col-6@sm -->\n\t\t\t\t<div class=\"col-6@sm\">\n\t\t\t\t\t<div class=\"slider-text-text\">\n\n\t\t\t\t\t\t<img decoding=\"async\" src=\"https:\/\/www.wo-der-hahn-kraeht.de\/wp-content\/uploads\/images\/icon-bad.svg\" alt=\"\"><h2>Appartements<\/h2><p>F\u00fcr unsere Langzeitg\u00e4ste bieten wir in verschiedenen G\u00e4steh\u00e4usern in ruhiger aber zentraler Lage in Flein voll m\u00f6blierte Appartements in verschiedenen Kategorien (25 \u2013 45m\u00b2, teilweise mit Terrasse oder Balkon) an.<\/p>\n<p><a class=\"btn btn-primary\" href=\"mailto:info@wo-der-hahn-kraeht.de\">PREISE ANFRAGEN<\/a><!--\/.btn.btn-primary--><\/p>\n\n\t\t\t\t\t<\/div>\n\t\t\t\t\t<!-- \/.slider-text-text -->\n\t\t\t\t<\/div>\n\t\t\t\t<!-- \/.col-6@sm -->\n\t\t\t<\/div>\n\t\t\t<!-- \/.flex-row flex-row--reverse -->\n\t\t<\/div>\n\t\t<!--  .container -->\n\n\t\t\t<style>\n\t\tsection#appartments {\n\t\t\t\t\t}\n\t\t\/* TABLET *\/\n\t\t@media only screen and (max-width: 768px) {\n\t\t\tsection#appartments {\n\t\t\t\t\t\t\t}\n\t\t}\n\t\t\/* MOBILE *\/\n\t\t@media only screen and (max-width: 600px) {\n\t\t\tsection#appartments {\n\t\t\t\t\t\t\t}\n\t\t}\n\t<\/style>\n\n\t<\/section>\n\t<!--  .slider-text -->\n\n\n\n\n\t\t<section id=\"reservierung\" class=\"content\" style=\"  \">\n\t\t\t<div class=\"container\">\n\t\t\t\t<div class=\"flex-row animation fade-in-bottom\">\n\n\t\t\t\t\t\n\t\t\t\t\t\t<div class=\"col-12\">\n\n\t\t\t\t\t\t\t<p><img loading=\"lazy\" decoding=\"async\" class=\"wp-image-998 aligncenter\" role=\"img\" src=\"https:\/\/www.wo-der-hahn-kraeht.de\/wp-content\/uploads\/images\/wdhk_kalender_64x64.svg\" alt=\"\" width=\"70\" height=\"68\" \/><\/p>\n<h2 style=\"text-align: center;color:#c3a58a;font-size: 38px;font-style: italic;margin-bottom: 50px;font-weight: 400;\">Online Reservierung<\/h2>\n<div id=\"d21-roomList\"><\/div>\n\t\t\t\t\t\t<\/div>\n\t\t\t\t\t\t<!--  .col-12 -->\n\n\t\t\t\t\t\n\t\t\t\t<\/div>\n\t\t\t\t<!--  .flex-row -->\n\t\t\t<\/div> <!--  .container -->\n\t\t<\/section>\n\t\t<!--  .content -->\n\n\t\n\n\n\t<section id=\"umgebung\" class=\"image-text\">\n\t\t<div class=\"container\">\n\t\t\t<div class=\"flex-row animation fade-in-bottom\">\n\n\t\t\t\t\n\t\t\t\t<div class=\"col-6@sm \">\n\n\t\t\t\t\t\n\t\t\t\t<\/div>\n\t\t\t\t<!-- \/.col-6@sm -->\n\t\t\t\t<div class=\"col-6@sm\">\n\t\t\t\t\t<div class=\"image-text-text\">\n\n\t\t\t\t\t\t<img decoding=\"async\" src=\"https:\/\/www.wo-der-hahn-kraeht.de\/wp-content\/uploads\/images\/wdhk_umgebung_64x64.svg\" alt=\"\"><h2>Umgebung<\/h2><p>Die Gemeinde Flein liegt als selbst\u00e4ndige Gemeinde landschaftlich reizvoll am S\u00fcdrand des Oberzentrums von Heilbronn umrahmt von Weinbergen.<\/p>\n<p>Gro\u00dfe und kleine Feste begleiten das Jahr und ziehen Besucher an.<\/p>\n<p><a class=\"btn btn-primary\" href=\"https:\/\/www.wo-der-hahn-kraeht.de\/wp-content\/uploads\/images\/1Druck_Hausprospekt_2021.pdf\">WEITERE INFORMATIONEN<\/a><\/p>\n\n\t\t\t\t\t<\/div>\n\t\t\t\t\t<!-- \/.image-text-text -->\n\t\t\t\t<\/div>\n\t\t\t\t<!-- \/.col-6@sm -->\n\t\t\t<\/div>\n\t\t\t<!-- \/.flex-row -->\n\t\t<\/div>\n\t\t<!--  .container -->\n\n\t\t\t<style>\n\t\tsection#umgebung {\n\t\t\t\t\t}\n\t\t\/* TABLET *\/\n\t\t@media only screen and (max-width: 768px) {\n\t\t\tsection#umgebung {\n\t\t\t\t\t\t\t}\n\t\t}\n\t\t\/* MOBILE *\/\n\t\t@media only screen and (max-width: 600px) {\n\t\t\tsection#umgebung {\n\t\t\t\t\t\t\t}\n\t\t}\n\t<\/style>\n\n\t<\/section>\n\t<!--  .image-text -->\n\n\n\n\n    <section id=\"accordion-block_931f1474d57a2ac63e5c7f829f54e515\" class=\"accordion-wrapper\">\n        <div class=\"container animation fade-in-bottom\">\n\n            \n            \n                <div class=\"accordion\">\n                \n                    Sportlich Aktivit\u00e4ten\n                <\/div>\n                <!-- accordion -->\n                <div class=\"accordion-item\">\n\n                    <p>Sportlich Aktive finden zahlreiche Wanderwege sowie ein gut ausgebautes Fahrradwegenetz. Durch die hervorragende Busanbindung an die Stadt Heilbronn und ihre infrastrukturellen Einrichtungen sowie die g\u00fcnstige Lage zur Autobahn Stuttgart und W\u00fcrzburg liegt Flein ebenfalls sehr verkehrsg\u00fcnstig zu den umliegenden Wirtschaftszentren.<\/p>\n\n                <\/div>\n                <!-- .accordion-item -->\n\n            \n                <div class=\"accordion\">\n                \n                    Touristische Schwerpunkte\n                <\/div>\n                <!-- accordion -->\n                <div class=\"accordion-item\">\n\n                    <p>Das Heilbronner Land weist ein enormes touristisches Potential auf: eine abwechslungsreiche Landschaft, das Neckartal mit seinen Nebenfl\u00fcssen Kocher und Jagst, das Freizeitparadies Breitenauer See (gr\u00f6\u00dfter Badesee Nordw\u00fcrttembergs mit Campingplatz), die Experimenta, das Audi-Forum Neckarsulm. Gro\u00dfe Teile des Landkreises liegen in den beiden Naturparks Stromberg-Heuchelberg und Schw\u00e4bisch-Fr\u00e4nkischer Wald.<\/p>\n\n                <\/div>\n                <!-- .accordion-item -->\n\n            \n                <div class=\"accordion\">\n                \n                    Heilbronner Land\n                <\/div>\n                <!-- accordion -->\n                <div class=\"accordion-item\">\n\n                    <p>Das Heilbronner Land weist ein enormes touristisches Potential auf: eine abwechslungsreiche Landschaft, das Neckartal mit seinen Nebenfl\u00fcssen Kocher und Jagst, das Freizeitparadies Breitenauer See (gr\u00f6\u00dfter Badesee Nordw\u00fcrttembergs mit Campingplatz), die Experimenta, das Audi-Forum Neckarsulm. Gro\u00dfe Teile des Landkreises liegen in den beiden Naturparks Stromberg-Heuchelberg und Schw\u00e4bisch-Fr\u00e4nkischer Wald.<\/p>\n\n                <\/div>\n                <!-- .accordion-item -->\n\n            \n                <div class=\"accordion\">\n                \n                    Wander- und Radwegenetz\n                <\/div>\n                <!-- accordion -->\n                <div class=\"accordion-item\">\n\n                    <p>Ein zusammenh\u00e4ngendes und gut beschildertes Wander- und Radwegenetz erm\u00f6glicht eine Vielzahl von attraktiven Ausfl\u00fcgen und Touren.<\/p>\n\n                <\/div>\n                <!-- .accordion-item -->\n\n            \n        <\/div>\n        <!--  .container -->\n    <\/section>\n    <!--  .accordion-wrapper -->\n\n\n\n\n\t\t<section id=\"content-block_47addc2a4e12e3ce85ce6f6727aedd38\" class=\"content\" style=\"  \">\n\t\t\t<div class=\"container container--narrow\">\n\t\t\t\t<div class=\"flex-row animation fade-in-bottom\">\n\n\t\t\t\t\t\n\t\t\t\t\t\t<div class=\"col-6@md\">\n\n\t\t\t\t\t\t\t<h2>Sie haben Fragen oder m\u00f6chten direkt buchen?<\/h2>\n\t\t\t\t\t\t<\/div>\n\t\t\t\t\t\t<!--  .col-6@md -->\n\n\t\t\t\t\t\n\t\t\t\t\t\t<div class=\"col-6@md\">\n\n\t\t\t\t\t\t\t<p>Kontaktieren Sie uns gerne telefonisch oder per Mail:<\/p>\n<p>&nbsp;<\/p>\n<p><a href=\"tel:0049713150810\"><i class=\"icon-icon-phone\"><\/i> +49 7131 50 810<\/a><br \/>\n<a href=\"mailto:info@wo-der-hahn-kraeht.de\"><i class=\"icon-icon-email\"><\/i> info(at)wo-der-hahn-kraeht.de<\/a><\/p>\n\t\t\t\t\t\t<\/div>\n\t\t\t\t\t\t<!--  .col-6@md -->\n\n\t\t\t\t\t\n\t\t\t\t<\/div>\n\t\t\t\t<!--  .flex-row -->\n\t\t\t<\/div> <!--  .container container--narrow -->\n\t\t<\/section>\n\t\t<!--  .content -->\n\n\t","protected":false},"excerpt":{"rendered":"","protected":false},"author":1,"featured_media":0,"parent":0,"menu_order":0,"comment_status":"closed","ping_status":"closed","template":"templates\/template-hotel.php","meta":{"footnotes":""},"class_list":["post-1318","page","type-page","status-publish","hentry","no-post-thumbnail","post-count-1"],"acf":[],"yoast_head":"<!-- This site is optimized with the Yoast SEO plugin v27.0 - https:\/\/yoast.com\/product\/yoast-seo-wordpress\/ -->\n<title>Hotel Rooms | Wo der Hahn kr\u00e4ht | Hotel Restaurant Winery<\/title>\n<meta name=\"description\" content=\"Book your overnight stay now in our hotel rooms with a selective choice of exclusive suites and premium apartments.\" \/>\n<meta name=\"robots\" content=\"index, follow, max-snippet:-1, max-image-preview:large, max-video-preview:-1\" \/>\n<link rel=\"canonical\" href=\"https:\/\/www.wo-der-hahn-kraeht.de\/en\/hotel-rooms\/\" \/>\n<meta property=\"og:locale\" content=\"en_US\" \/>\n<meta property=\"og:type\" content=\"article\" \/>\n<meta property=\"og:title\" content=\"Hotel Rooms | Wo der Hahn kr\u00e4ht | Hotel Restaurant Winery\" \/>\n<meta property=\"og:description\" content=\"Book your overnight stay now in our hotel rooms with a selective choice of exclusive suites and premium apartments.\" \/>\n<meta property=\"og:url\" content=\"https:\/\/www.wo-der-hahn-kraeht.de\/en\/hotel-rooms\/\" \/>\n<meta property=\"og:site_name\" content=\"Wo der Hahn kr\u00e4ht\" \/>\n<meta property=\"article:modified_time\" content=\"2022-12-13T11:59:56+00:00\" \/>\n<meta name=\"twitter:card\" content=\"summary_large_image\" \/>\n<script type=\"application\/ld+json\" class=\"yoast-schema-graph\">{\"@context\":\"https:\/\/schema.org\",\"@graph\":[{\"@type\":\"WebPage\",\"@id\":\"https:\/\/www.wo-der-hahn-kraeht.de\/en\/hotel-rooms\/\",\"url\":\"https:\/\/www.wo-der-hahn-kraeht.de\/en\/hotel-rooms\/\",\"name\":\"Hotel Rooms | Wo der Hahn kr\u00e4ht | Hotel Restaurant Winery\",\"isPartOf\":{\"@id\":\"https:\/\/www.wo-der-hahn-kraeht.de\/#website\"},\"datePublished\":\"2022-06-17T09:05:14+00:00\",\"dateModified\":\"2022-12-13T11:59:56+00:00\",\"description\":\"Book your overnight stay now in our hotel rooms with a selective choice of exclusive suites and premium apartments.\",\"breadcrumb\":{\"@id\":\"https:\/\/www.wo-der-hahn-kraeht.de\/en\/hotel-rooms\/#breadcrumb\"},\"inLanguage\":\"en-US\",\"potentialAction\":[{\"@type\":\"ReadAction\",\"target\":[\"https:\/\/www.wo-der-hahn-kraeht.de\/en\/hotel-rooms\/\"]}]},{\"@type\":\"BreadcrumbList\",\"@id\":\"https:\/\/www.wo-der-hahn-kraeht.de\/en\/hotel-rooms\/#breadcrumb\",\"itemListElement\":[{\"@type\":\"ListItem\",\"position\":1,\"name\":\"Home\",\"item\":\"https:\/\/www.wo-der-hahn-kraeht.de\/en\/\"},{\"@type\":\"ListItem\",\"position\":2,\"name\":\"Hotel\"}]},{\"@type\":\"WebSite\",\"@id\":\"https:\/\/www.wo-der-hahn-kraeht.de\/#website\",\"url\":\"https:\/\/www.wo-der-hahn-kraeht.de\/\",\"name\":\"Wo der Hahn kr\u00e4ht\",\"description\":\"Gastst\u00e4tte | Weingut | Hotel\",\"publisher\":{\"@id\":\"https:\/\/www.wo-der-hahn-kraeht.de\/#organization\"},\"potentialAction\":[{\"@type\":\"SearchAction\",\"target\":{\"@type\":\"EntryPoint\",\"urlTemplate\":\"https:\/\/www.wo-der-hahn-kraeht.de\/?s={search_term_string}\"},\"query-input\":{\"@type\":\"PropertyValueSpecification\",\"valueRequired\":true,\"valueName\":\"search_term_string\"}}],\"inLanguage\":\"en-US\"},{\"@type\":\"Organization\",\"@id\":\"https:\/\/www.wo-der-hahn-kraeht.de\/#organization\",\"name\":\"Wo der Hahn kr\u00e4ht\",\"url\":\"https:\/\/www.wo-der-hahn-kraeht.de\/\",\"logo\":{\"@type\":\"ImageObject\",\"inLanguage\":\"en-US\",\"@id\":\"https:\/\/www.wo-der-hahn-kraeht.de\/#\/schema\/logo\/image\/\",\"url\":\"https:\/\/www.wo-der-hahn-kraeht.de\/wp-content\/uploads\/images\/wdhk-logo.svg\",\"contentUrl\":\"https:\/\/www.wo-der-hahn-kraeht.de\/wp-content\/uploads\/images\/wdhk-logo.svg\",\"width\":93,\"height\":102,\"caption\":\"Wo der Hahn kr\u00e4ht\"},\"image\":{\"@id\":\"https:\/\/www.wo-der-hahn-kraeht.de\/#\/schema\/logo\/image\/\"}}]}<\/script>\n<!-- \/ Yoast SEO plugin. -->","yoast_head_json":{"title":"Hotel Rooms | Wo der Hahn kr\u00e4ht | Hotel Restaurant Winery","description":"Book your overnight stay now in our hotel rooms with a selective choice of exclusive suites and premium apartments.","robots":{"index":"index","follow":"follow","max-snippet":"max-snippet:-1","max-image-preview":"max-image-preview:large","max-video-preview":"max-video-preview:-1"},"canonical":"https:\/\/www.wo-der-hahn-kraeht.de\/en\/hotel-rooms\/","og_locale":"en_US","og_type":"article","og_title":"Hotel Rooms | Wo der Hahn kr\u00e4ht | Hotel Restaurant Winery","og_description":"Book your overnight stay now in our hotel rooms with a selective choice of exclusive suites and premium apartments.","og_url":"https:\/\/www.wo-der-hahn-kraeht.de\/en\/hotel-rooms\/","og_site_name":"Wo der Hahn kr\u00e4ht","article_modified_time":"2022-12-13T11:59:56+00:00","twitter_card":"summary_large_image","schema":{"@context":"https:\/\/schema.org","@graph":[{"@type":"WebPage","@id":"https:\/\/www.wo-der-hahn-kraeht.de\/en\/hotel-rooms\/","url":"https:\/\/www.wo-der-hahn-kraeht.de\/en\/hotel-rooms\/","name":"Hotel Rooms | Wo der Hahn kr\u00e4ht | Hotel Restaurant Winery","isPartOf":{"@id":"https:\/\/www.wo-der-hahn-kraeht.de\/#website"},"datePublished":"2022-06-17T09:05:14+00:00","dateModified":"2022-12-13T11:59:56+00:00","description":"Book your overnight stay now in our hotel rooms with a selective choice of exclusive suites and premium apartments.","breadcrumb":{"@id":"https:\/\/www.wo-der-hahn-kraeht.de\/en\/hotel-rooms\/#breadcrumb"},"inLanguage":"en-US","potentialAction":[{"@type":"ReadAction","target":["https:\/\/www.wo-der-hahn-kraeht.de\/en\/hotel-rooms\/"]}]},{"@type":"BreadcrumbList","@id":"https:\/\/www.wo-der-hahn-kraeht.de\/en\/hotel-rooms\/#breadcrumb","itemListElement":[{"@type":"ListItem","position":1,"name":"Home","item":"https:\/\/www.wo-der-hahn-kraeht.de\/en\/"},{"@type":"ListItem","position":2,"name":"Hotel"}]},{"@type":"WebSite","@id":"https:\/\/www.wo-der-hahn-kraeht.de\/#website","url":"https:\/\/www.wo-der-hahn-kraeht.de\/","name":"Wo der Hahn kr\u00e4ht","description":"Gastst\u00e4tte | Weingut | Hotel","publisher":{"@id":"https:\/\/www.wo-der-hahn-kraeht.de\/#organization"},"potentialAction":[{"@type":"SearchAction","target":{"@type":"EntryPoint","urlTemplate":"https:\/\/www.wo-der-hahn-kraeht.de\/?s={search_term_string}"},"query-input":{"@type":"PropertyValueSpecification","valueRequired":true,"valueName":"search_term_string"}}],"inLanguage":"en-US"},{"@type":"Organization","@id":"https:\/\/www.wo-der-hahn-kraeht.de\/#organization","name":"Wo der Hahn kr\u00e4ht","url":"https:\/\/www.wo-der-hahn-kraeht.de\/","logo":{"@type":"ImageObject","inLanguage":"en-US","@id":"https:\/\/www.wo-der-hahn-kraeht.de\/#\/schema\/logo\/image\/","url":"https:\/\/www.wo-der-hahn-kraeht.de\/wp-content\/uploads\/images\/wdhk-logo.svg","contentUrl":"https:\/\/www.wo-der-hahn-kraeht.de\/wp-content\/uploads\/images\/wdhk-logo.svg","width":93,"height":102,"caption":"Wo der Hahn kr\u00e4ht"},"image":{"@id":"https:\/\/www.wo-der-hahn-kraeht.de\/#\/schema\/logo\/image\/"}}]}},"_links":{"self":[{"href":"https:\/\/www.wo-der-hahn-kraeht.de\/en\/wp-json\/wp\/v2\/pages\/1318","targetHints":{"allow":["GET"]}}],"collection":[{"href":"https:\/\/www.wo-der-hahn-kraeht.de\/en\/wp-json\/wp\/v2\/pages"}],"about":[{"href":"https:\/\/www.wo-der-hahn-kraeht.de\/en\/wp-json\/wp\/v2\/types\/page"}],"author":[{"embeddable":true,"href":"https:\/\/www.wo-der-hahn-kraeht.de\/en\/wp-json\/wp\/v2\/users\/1"}],"replies":[{"embeddable":true,"href":"https:\/\/www.wo-der-hahn-kraeht.de\/en\/wp-json\/wp\/v2\/comments?post=1318"}],"version-history":[{"count":4,"href":"https:\/\/www.wo-der-hahn-kraeht.de\/en\/wp-json\/wp\/v2\/pages\/1318\/revisions"}],"predecessor-version":[{"id":1592,"href":"https:\/\/www.wo-der-hahn-kraeht.de\/en\/wp-json\/wp\/v2\/pages\/1318\/revisions\/1592"}],"wp:attachment":[{"href":"https:\/\/www.wo-der-hahn-kraeht.de\/en\/wp-json\/wp\/v2\/media?parent=1318"}],"curies":[{"name":"wp","href":"https:\/\/api.w.org\/{rel}","templated":true}]}}